{"id":74,"date":"2017-01-19T19:35:56","date_gmt":"2017-01-19T19:35:56","guid":{"rendered":"http:\/\/www.ttcwalsrode.de\/?page_id=74"},"modified":"2025-01-15T15:32:02","modified_gmt":"2025-01-15T15:32:02","slug":"mannschaften","status":"publish","type":"page","link":"https:\/\/www.ttcwalsrode.de\/?page_id=74","title":{"rendered":"Mannschaften"},"content":{"rendered":"\n<h3 class=\"wp-block-heading\">SAISON 2024\/2025 R\u00fcckserie<\/h3>\n\n\n<h3>1. Herren<\/h3>\n<p>Bezirksliga CE\/HK<\/p>\n<ol>\n<li>Christian Eismann<\/li>\n<li>Bernd Sperlich<\/li>\n<li>Uwe Sieberg<\/li>\n<li>Sascha Lampe<\/li>\n<li>Marcel B\u00fcnger<\/li>\n<li>Christoph Stratmann<\/li>\n<\/ol>\n<p><b>Kontakt:<\/b> Uwe Sieberg | Tel.: 05161-8650 | 0172-6934343 | <a href=\"mailto:uwesieberg@ttcwalsrode.de\">uwesieberg@ttcwalsrode.de<\/a><\/p>\n<p>&nbsp;<\/p>\n<h3>2. Herren<\/h3>\n<p>Bezirksklasse HK<\/p>\n<ol>\n<li>Heiko Heggen<\/li>\n<li>Annette Scharmach<\/li>\n<li>Ulrich Vo\u00df<\/li>\n<li>Anton Beierbach<\/li>\n<li>Joachim Schlie\u00dfauf<\/li>\n<li>Katharina Kr\u00fcger<\/li>\n<\/ol>\n<p><b>Kontakt:<\/b> Annette Scharmach | Mob.: 0151-23022538 | <a href=\"mailto:scharmach@ttcwalsrode.de\">scharmach@ttcwalsrode.de<\/a><\/p>\n<p>&nbsp;<\/p>\n<h3>3. Herren<\/h3>\n<p>2. Kreisklasse S\u00fcd<\/p>\n<ol>\n<li>Ion Iaconi<\/li>\n<li>Florian Gille<\/li>\n<li>Thomas Glanert<\/li>\n<li>Uwe Herold<\/li>\n<\/ol>\n<p><b>Kontakt: <\/b>Uwe Herold | Tel.: 05161-71985 | <a href=\"mailto:herold.walsrode@freenet.de\">herold.walsrode@freenet.de<\/a><\/p>\n<p>&nbsp;<\/p>\n<h3>4. Herren<\/h3>\n<p>4. Kreisklasse S\u00fcd<\/p>\n<ol>\n<li>Andrzej Firkowski<\/li>\n<li>Blagoja Andreevski<\/li>\n<li>Leon M\u00f6ller<\/li>\n<li>Artur Boiko<\/li>\n<li>Alexander Schibelbein (Jun.)<\/li>\n<\/ol>\n<p><b>Kontakt: <\/b>Alexander Schibelbein (Jun.) | Mob.: 0176-17282853 |<a href=\"mailto:al.aya22@gmx.de\">al.aya22@gmx.de<\/a><\/p>\n<p>&nbsp;<\/p>\n<h3>5. Herren<\/h3>\n<p>4. Kreisklasse S\u00fcd<\/p>\n<ol>\n<li>Olaf Sievers<\/li>\n<li>Przemyslaw Michalski<\/li>\n<li>Ivaylo Ninov<\/li>\n<li>Rudolf Behn<\/li>\n<li>Frank Wilke<\/li>\n<li>Vitali Schibelbein<\/li>\n<li>Alexander Schibelbein (Sen.)<\/li>\n<\/ol>\n<p><b>Kontakt: <\/b>Frank Wilke | Mob.: 01575-0473735 | <a href=\"mailto:wilke-walsrode@t-online.de\">wilke-walsrode@t-online.de<\/a><\/p>\n<h3>Jungen 15<\/h3>\n<p>Kreisliga<\/p>\n<ol>\n<li>Sebastian Diercks<\/li>\n<li>Theodor Seidensticker<\/li>\n<li>Jona Kochanek<\/li>\n<li>Kevin Siegl<\/li>\n<li>Marten Rehn<\/li>\n<li>Phillip Mevius<\/li>\n<li>Leevke Wagner<\/li>\n<li>Jenke Mertens<\/li>\n<\/ol>\n<p><b>Kontakt:<\/b> Uwe Sieberg | Tel.: 05161-8650 | 0172-6934343 | <a href=\"mailto:uwesieberg@ttcwalsrode.de\">uwesieberg@ttcwalsrode.de<\/a><\/p>","protected":false},"excerpt":{"rendered":"<p>SAISON 2024\/2025 R\u00fcckserie 1. Herren Bezirksliga CE\/HK Christian Eismann Bernd Sperlich Uwe Sieberg Sascha Lampe Marcel B\u00fcnger Christoph Stratmann Kontakt: Uwe Sieberg | Tel.: 05161-8650 | 0172-6934343 | uwesieberg@ttcwalsrode.de &nbsp; 2. Herren Bezirksklasse HK Heiko Heggen Annette Scharmach Ulrich Vo\u00df Anton Beierbach Joachim Schlie\u00dfauf Katharina Kr\u00fcger Kontakt: Annette Scharmach | Mob.: 0151-23022538 | scharmach@ttcwalsrode.de &nbsp; 3. Herren 2. Kreisklasse S\u00fcd<\/p>\n","protected":false},"author":1,"featured_media":0,"parent":0,"menu_order":3,"comment_status":"closed","ping_status":"closed","template":"","meta":{"ngg_post_thumbnail":0,"footnotes":""},"class_list":["post-74","page","type-page","status-publish","hentry"],"_links":{"self":[{"href":"https:\/\/www.ttcwalsrode.de\/index.php?rest_route=\/wp\/v2\/pages\/74","targetHints":{"allow":["GET"]}}],"collection":[{"href":"https:\/\/www.ttcwalsrode.de\/index.php?rest_route=\/wp\/v2\/pages"}],"about":[{"href":"https:\/\/www.ttcwalsrode.de\/index.php?rest_route=\/wp\/v2\/types\/page"}],"author":[{"embeddable":true,"href":"https:\/\/www.ttcwalsrode.de\/index.php?rest_route=\/wp\/v2\/users\/1"}],"replies":[{"embeddable":true,"href":"https:\/\/www.ttcwalsrode.de\/index.php?rest_route=%2Fwp%2Fv2%2Fcomments&post=74"}],"version-history":[{"count":94,"href":"https:\/\/www.ttcwalsrode.de\/index.php?rest_route=\/wp\/v2\/pages\/74\/revisions"}],"predecessor-version":[{"id":1173,"href":"https:\/\/www.ttcwalsrode.de\/index.php?rest_route=\/wp\/v2\/pages\/74\/revisions\/1173"}],"wp:attachment":[{"href":"https:\/\/www.ttcwalsrode.de\/index.php?rest_route=%2Fwp%2Fv2%2Fmedia&parent=74"}],"curies":[{"name":"wp","href":"https:\/\/api.w.org\/{rel}","templated":true}]}}