{"id":66,"date":"2017-01-18T22:10:48","date_gmt":"2017-01-18T22:10:48","guid":{"rendered":"http:\/\/www.ttcwalsrode.de\/?page_id=66"},"modified":"2026-02-18T19:01:05","modified_gmt":"2026-02-18T19:01:05","slug":"training","status":"publish","type":"page","link":"https:\/\/www.ttcwalsrode.de\/?page_id=66","title":{"rendered":"Training"},"content":{"rendered":"<p>Wir trainieren in der Sporthalle der Grundschule am Markt (Marktstra\u00dfe 11 gegen\u00fcber der Feuerwehr) in Walsrode. Die Sporthalle erreicht Ihr \u00fcber den Schulhof.<\/p>\n<p>Die Trainingzeiten sind wie folgt<\/p>\n<table border=\"0\">\n<tbody>\n<tr>\n<td>Dienstag<\/td>\n<td>18:00 bis 20:00<\/td>\n<td>Sch\u00fcler- und Jugendtraining<\/td>\n<\/tr>\n<tr>\n<td>Dienstag<\/td>\n<td>20:00 bis 22:00<\/td>\n<td>Erwachsenentraining<\/td>\n<\/tr>\n<tr>\n<td>Donnerstag<\/td>\n<td>16:30 bis 18:00<\/td>\n<td>Sch\u00fcler- und Jugendtraining<\/td>\n<\/tr>\n<tr>\n<td>Donnerstag<\/td>\n<td>20:00 bis 22:00<\/td>\n<td>Erwachsenentraining<\/td>\n<\/tr>\n<tr>\n<td>Freitag<\/td>\n<td>18:00 bis 20:00<\/td>\n<td>Sch\u00fcler-, Jugend und Erwachsenentraining (gemeinsam)<\/td>\n<\/tr>\n<tr>\n<td>Freitag<\/td>\n<td>20:00 bis 22:00<\/td>\n<td>Erwachsenentraining<\/td>\n<\/tr>\n<\/tbody>\n<\/table>\n<p>G\u00e4ste sind jederzeit willkommen!<\/p>\n","protected":false},"excerpt":{"rendered":"<p>Wir trainieren in der Sporthalle der Grundschule am Markt (Marktstra\u00dfe 11 gegen\u00fcber der Feuerwehr) in Walsrode. Die Sporthalle erreicht Ihr \u00fcber den Schulhof. Die Trainingzeiten sind wie folgt Dienstag 18:00 bis 20:00 Sch\u00fcler- und Jugendtraining Dienstag 20:00 bis 22:00 Erwachsenentraining Donnerstag 16:30 bis 18:00 Sch\u00fcler- und Jugendtraining Donnerstag 20:00 bis 22:00 Erwachsenentraining Freitag 18:00 bis 20:00 Sch\u00fcler-, Jugend und Erwachsenentraining<\/p>\n","protected":false},"author":1,"featured_media":0,"parent":0,"menu_order":2,"comment_status":"closed","ping_status":"closed","template":"","meta":{"ngg_post_thumbnail":0,"footnotes":""},"class_list":["post-66","page","type-page","status-publish","hentry"],"_links":{"self":[{"href":"https:\/\/www.ttcwalsrode.de\/index.php?rest_route=\/wp\/v2\/pages\/66","targetHints":{"allow":["GET"]}}],"collection":[{"href":"https:\/\/www.ttcwalsrode.de\/index.php?rest_route=\/wp\/v2\/pages"}],"about":[{"href":"https:\/\/www.ttcwalsrode.de\/index.php?rest_route=\/wp\/v2\/types\/page"}],"author":[{"embeddable":true,"href":"https:\/\/www.ttcwalsrode.de\/index.php?rest_route=\/wp\/v2\/users\/1"}],"replies":[{"embeddable":true,"href":"https:\/\/www.ttcwalsrode.de\/index.php?rest_route=%2Fwp%2Fv2%2Fcomments&post=66"}],"version-history":[{"count":8,"href":"https:\/\/www.ttcwalsrode.de\/index.php?rest_route=\/wp\/v2\/pages\/66\/revisions"}],"predecessor-version":[{"id":1270,"href":"https:\/\/www.ttcwalsrode.de\/index.php?rest_route=\/wp\/v2\/pages\/66\/revisions\/1270"}],"wp:attachment":[{"href":"https:\/\/www.ttcwalsrode.de\/index.php?rest_route=%2Fwp%2Fv2%2Fmedia&parent=66"}],"curies":[{"name":"wp","href":"https:\/\/api.w.org\/{rel}","templated":true}]}}