{"id":495,"date":"2019-04-09T05:09:16","date_gmt":"2019-04-09T05:09:16","guid":{"rendered":"http:\/\/www.ttcwalsrode.de\/?page_id=495"},"modified":"2025-06-09T13:01:50","modified_gmt":"2025-06-09T13:01:50","slug":"termine","status":"publish","type":"page","link":"https:\/\/www.ttcwalsrode.de\/?page_id=495","title":{"rendered":"Termine"},"content":{"rendered":"\n<p><strong>30.\/31.08.2025 TT-College Wochenende in Walsrode<\/strong><br>Weitere Informationen wurden per WhatsApp verteilt. Anmeldeschluss Samstag 14.06.2025.<\/p>\n\n\n\n<p class=\"has-dark-gray-color has-text-color has-link-color wp-elements-2565b877a0a315863eba82b782893302\"><strong>23.05.2025 Mannschaftsbesprechung<\/strong><br>Start um 20:00 Uhr in der Sporthalle der Grundschule am Markt<\/p>\n\n\n\n<p class=\"has-dark-gray-color has-text-color has-link-color wp-elements-569ecd4ac122ffce1398e0d4eb5694ae\"><strong>10.05.2025 Brettchenturnier<\/strong><br>in der Sporthalle der Grundschule am Markt. Start 13:00 Uhr, Einlass 12:30 Uhr.<\/p>\n\n\n\n<p class=\"has-dark-gray-color has-text-color has-link-color wp-elements-7bf3d25181be8599783f3fe57cfa6c26\"><strong>06.03.2025 Jahreshauptversammlung<\/strong><br>Start um 19:00 Uhr im Dorfkrug in Bockhorn. Weitere Informationen wurden per WhatsApp\/E-Mail und als Aushang der Halle verteilt. Ebenso findet Ihr die Einladung auf der Startseite.<\/p>\n\n\n\n<p class=\"has-dark-gray-color has-text-color has-link-color wp-elements-9dc22e8ded9b747b10aea563045c4c26\"><strong>18.01.2025 Vereinsmeisterschaft<\/strong><br>Start 13:00 Uhr in der Halle der Marktschule Walsrode. Einla\u00df ab 12:30. Es sind alle Vereinsmitglieder eingeladen. Um Anmeldung wird gebeten.<\/p>\n\n\n\n<p class=\"has-dark-gray-color has-text-color has-link-color wp-elements-a5f7b204205575f1e476ed06846589b2\"><strong>06.12.2024 Weihnachtsfeier<\/strong><br>Save the date! Details folgen noch.<\/p>\n\n\n\n<p class=\"has-dark-gray-color has-text-color has-link-color wp-elements-85427de6e2c96e6d67d64de103d41957\"><strong>22.09.2024 Wanderung<\/strong><br>Aus Anlass unseres 60 j\u00e4hrigen Bestehens wollen wir mit euch eine Wanderung (ca. 20km) machen. <br><strong>Start<\/strong> um <strong>12 Uhr<\/strong> an der <strong>Halle Marktschule<\/strong>. Kleine Pause mit Verpflegung am Grundlosen See.<br>R\u00fcckkehr ca. 18 Uhr, anschlie\u00dfend Abschluss beim Italiener (wer m\u00f6chte). <br><strong>Details <\/strong>sind bereits in der <strong>WhatsApp Gruppe<\/strong> ver\u00f6ffentlicht. Bitte meldet euch auch dort in der Umfrage an.<\/p>\n\n\n\n<p class=\"has-dark-gray-color has-text-color has-link-color wp-elements-8866153e2ea63a0f3a58fca47249df5f\"><strong>17.08.2024 Vorgabeturnier<\/strong><br>Start 13 Uhr in der Sporthalle Marktschule. Einlass ab 12:30 Uhr.<\/p>\n\n\n\n<p class=\"has-dark-gray-color has-text-color has-link-color wp-elements-b81532803384ffdf3536240f0e73031b\"><strong>11.05.2024 Brettchenturnier<\/strong><br>Start 13 Uhr in der Sporthalle Marktschule.<\/p>\n\n\n\n<p class=\"has-dark-gray-color has-text-color has-link-color wp-elements-f532ac084cf54fa121fbd88b3adcd954\"><strong>11.04.2024 Jahreshauptversammlung<\/strong><br>Start 19 Uhr im Dorfkrug in Bockhorn. Alle Vereinsmitglieder sind herzlich eingeladen.<\/p>\n\n\n\n<p class=\"has-dark-gray-color has-text-color has-link-color wp-elements-d00a4d390c5629c5a9a680a1359d8e87\"><strong>20.01.2024 Vereinsmeisterschaft<\/strong><br>Start 13 Uhr in der Turnhalle der Marktschule. Wie gewohnt gibt es ein wenig zu Knabbern und f\u00fcr Getr\u00e4nke wird auch gesorgt. Alle Vereinsmitglieder sind herzlich eingeladen. Um Anmeldung wird gebeten (siehe WhatsApp Gruppe\/Aushang in der Halle)<\/p>\n\n\n\n<p class=\"has-dark-gray-color has-text-color has-link-color wp-elements-4a66dda8ca26eacc5079261277a49948\"><strong>01.12.2023 Weihnachtsfeier<\/strong><br>Dieses Jahr feiern wir in Bockhorn im Dorfkrug. Start 19 Uhr. Um Anmeldung wird gebeten (siehe WhatsApp Gruppe). Alle Vereinsmitglieder sind herzlich eingeladen.<\/p>\n\n\n\n<p class=\"has-dark-gray-color has-text-color has-link-color wp-elements-77efe04391d322b6fcc6209392cd59b6\"><strong>17.06.2023 Vorgabe Turnier<\/strong><br>Dieses Jahr f\u00fchren wir wieder ein Vorgabe Turnier durch. Zur Berechnung der Vorgabe orientieren wir uns an den Kreispokal Regeln. Start 14 Uhr in der Halle der Marktschule Walsrode. Alle Vereinsmitglieder sind herzlich eingeladen.<\/p>\n\n\n\n<p class=\"has-dark-gray-color has-text-color\"><strong>21.01.2023 Vereinsmeisterschaft Erwachsene:<\/strong><br>Nachdem wir in den Jahren 2021 und 2022 keine Vereinsmeisterschaft durchf\u00fchren konnten, werden wir diese 2023 wieder turnusgem\u00e4\u00df im Januar veranstalten. Wir hoffen nat\u00fcrlich auf rege Beteiligung. Also tragt den Termin schon mal im Kalender ein, damit nichts dazwischen kommt.<\/p>\n\n\n\n<p class=\"has-dark-gray-color has-text-color\"><strong>09.12.2022 Weihnachtsfeier:<\/strong><br>Dieses Jahr wollen wir wieder eine Weihnachtsfeier veranstalten. Der Termin wurde best\u00e4tigt. Wir feiern bei Tante Martha (Gasthaus Voltmer) in Honerdingen. Um 19:00 geht es los. <br>Nach dem Essen wird wieder Doppelkopf gespielt und geknobelt. Wir freuen uns auf viele Mitglieder und einen sch\u00f6nen Abend mit Euch.<\/p>\n\n\n\n<p class=\"has-dark-gray-color has-text-color\"><strong><s>02.10.2022 Jubil\u00e4umsturnier<\/s><\/strong> des Tischtennisverbandes Heidekreis e.V.<br>in Schwarmstedt zum 75 j\u00e4hrigen bestehen. <em>Wurde wegen mangelnder Beteiligung leider abgesagt!<\/em><\/p>\n\n\n\n<p class=\"has-dark-gray-color has-text-color\"><strong>11.09.2022 Kreismeisterschaften<\/strong> Damen\/Herren in Bispingen<br>Anmeldeschluss ist der 04.09.2022. Anmeldung via E-Mail: tischdennis.vedder@gmail.com<\/p>\n\n\n\n<p class=\"has-dark-gray-color has-text-color\"><strong>16.07.2022 Spa\u00dfturnier:<\/strong><br>Samstag. Beginn 13 Uhr. Einlass ab 12 Uhr. Sporthalle Grundschule D\u00fcshorn.  <br>Anschlie\u00dfend Grillparty<\/p>\n\n\n\n<p class=\"has-dark-gray-color has-text-color\"><strong>28.06.2022 Jahreshauptversammlung:<\/strong><br>Dienstag. Beginn 19 Uhr. Sporthalle Grundschule D\u00fcshorn. <\/p>\n\n\n\n<p class=\"has-dark-gray-color has-text-color\"><strong>Dezember Weihnachtsfeier:<\/strong><br>Auf Beschluss des Vorstandes f\u00e4llt die Weihnachtsfeier 2020 aufgrund der Corona Pandemie leider aus.<\/p>\n\n\n\n<p class=\"has-dark-gray-color has-text-color\"><strong>28.10.2020 Jahreshauptversammlung:<\/strong><br>Mittwoch. Beginn 19:30 Uhr. In der Waldgastst\u00e4tte Eckernworth<\/p>\n\n\n\n<p class=\"has-dark-gray-color has-text-color\"><strong>27.09.2020 TTVN Race:<\/strong><br>Sonntag. 2 Races. Beginn um 10 und 13 Uhr.  Die Halle ist 1 Stunde vor Beginn ge\u00f6ffnet. Anmeldungen \u00fcber MyTischtennis<\/p>\n\n\n\n<p class=\"has-dark-gray-color has-text-color\"><strong>13.09.2020 TTVN Race:<\/strong><br>Sonntag. 2 Races. Beginn um 10 und 13 Uhr.  Die Halle ist 1 Stunde vor Beginn ge\u00f6ffnet. Anmeldungen \u00fcber MyTischtennis<\/p>\n\n\n\n<p class=\"has-dark-gray-color has-text-color\"><strong>30.08.2020 TTVN Race:<\/strong><br>Sonntag. 2 Races. Beginn um 10 und 13 Uhr.  Die Halle ist 1 Stunde vor Beginn ge\u00f6ffnet. Anmeldungen \u00fcber MyTischtennis<\/p>\n\n\n\n<p class=\"has-dark-gray-color has-text-color\"><strong>29.08.2020 Vorgabeturnier:<\/strong><br>Die Corona Einschr\u00e4nkungen lassen inzwischen wieder etwas mehr Spielraum, so dass wir wieder unser Vorgabeturnier durchf\u00fchren k\u00f6nnen.  Beginn ist 14 Uhr, Einlass in die Halle ab 13 Uhr.<br>Eingeladen sind alle Vereinsmitglieder.<\/p>\n\n\n\n<p class=\"has-dark-gray-color has-text-color\"><strong>28.08.2020 TTVN Race:<\/strong><br>Freitag. Beginn 19 Uhr. Halle ab 18 Uhr ge\u00f6ffnet. Anmeldungen \u00fcber MyTischtennis<\/p>\n\n\n\n<p class=\"has-dark-gray-color has-text-color\"><strong>15.08.2020 TTVN Race:<\/strong><br>Samstag. Beginn 15 Uhr. Halle ab 14 Uhr ge\u00f6ffnet. Anmeldungen \u00fcber MyTischtennis<\/p>\n\n\n\n<p class=\"has-dark-gray-color has-text-color\"><strong>11.08.2020 TTVN Race:<\/strong><br>Dienstag. Beginn 19 Uhr. Halle ab 18 Uhr ge\u00f6ffnet. Anmeldungen \u00fcber MyTischtennis<\/p>\n\n\n\n<p class=\"has-dark-gray-color has-text-color\"><strong>08.08.2020 TTVN Race:<\/strong><br>Samstag. Beginn 15 Uhr. Halle ab 14 Uhr ge\u00f6ffnet. Anmeldungen \u00fcber MyTischtennis<\/p>\n\n\n\n<p class=\"has-dark-gray-color has-text-color\"><strong>01.07.2020<\/strong> Aufgrund der aktuellen Corona Situation und den damit einhergehenden Einschr\u00e4nkungen sind zur Zeit keine Aktivit\u00e4ten geplant. Sobald sich dies \u00e4ndert, werden wir die Seite aktualisieren.<\/p>\n\n\n\n<p class=\"has-dark-gray-color has-text-color\"><strong>25.01.2020 Vereinsmeisterschaft &#8211; Sch\u00fcler und Jugend:<\/strong><br>\nWie immer findet die Sch\u00fcler und Jugendvereinsmeisterschaft kurz nach den Erwachsenen statt.<br>\nDie Vorgehensweise ist die gleiche, wie bei den Erwachsenen.<br>\n<\/p>\n\n\n\n<p class=\"has-dark-gray-color has-text-color\"><strong>11.01.2020 Vereinsmeisterschaft &#8211; Erwachsene:<\/strong><br>\nWie jedes Jahr findet die Vereinsmeisterschaft Anfang Januar statt. Gespielt wird in der Einzel und Doppel Konkurrenz. <br>\nTraditionell werden zuerst Gruppenspiele stattfinden, bei denen die st\u00e4rksten Spieler gesetzt werden, so dass sich jeder auf jeden Fall mit mehreren Vereinskameraden messen kann. Danach geht es im K.O. System weiter, um den Vereinsmeister zu ermitteln.<br>\nBei der Doppelkonkurrenz werden ebenfalls die st\u00e4rksten Spieler gesetzt und dann die Doppelpartner zugelost. Das bew\u00e4hrte System bringt jedes Jahr neue interessante Doppelpaarungen hervor, so dass es immer wieder spannend wird.<br>\n<\/p>\n\n\n\n<p class=\"has-dark-gray-color has-text-color\"><strong>06.12.2019 Weihnachtsfeier:<\/strong><br>\nWie gewohnt findet am Freitag des 1. Wochenendes im Dezember die Weihnachtsfeier statt. <br>\nAuch dieses Jahr soll die Weihnachtsfeier in der Eckernworth stattfinden.<br>\nWir hoffen auf eine rege Teilnahme, so wie letztes Jahr. Nat\u00fcrlich wird es nach dem Essen wieder die bereits bekannte Spielrunde geben. \n<\/p>\n\n\n\n<p class=\"has-dark-gray-color has-text-color\"><strong>August: Tischtennis College Osnabr\u00fcck<\/strong><br>\nLetztes Jahr ist das TT-College leider aufgrund mangelnder Teilnehmer ausgefallen. Da das Wochenende sich aber inzwischen als beliebter Termin etabliert hat, wird es dieses Jahr wieder stattfinden. Vorausgesetzt genug Teilnehmer melden sich an. <br>\nDas Event wird f\u00fcr Mitte bis Ende August geplant. Die genauen Termine werden noch bekannt gegeben.<br>\nWenn Ihr Interesse habt, haltet Euch den Termin schon mal frei.\n<\/p>\n\n\n\n<p class=\"has-dark-gray-color has-text-color\"><strong>01.06.2019 Vorgabeturnier:<\/strong><br>\nAuch dieses Jahr findet das beliebte Vorgabeturnier statt. Spielbeginn ist um 13:00 Uhr in der Halle (Markstrasse). Alle Vereinsmitglieder sind eingeladen.\n<\/p>\n\n\n\n<p class=\"has-dark-gray-color has-text-color\"><strong>28.05.2019 Mannschaftsbesprechung:<\/strong><br>\nUm 20:00 Treffen sich alle Mannschaften in der Halle, um die Planung und Aufstellung f\u00fcr die n\u00e4chste Saison zu diskutieren.<br>\nAlle Mannschaftsspieler sind herzlich eingeladen.\n<\/p>\n\n\n\n<p class=\"has-dark-gray-color has-text-color\"><strong>26.04.2019 TTVN Race in Walsrode:<\/strong><br>Da sich das TTVN Race immer mehr Beliebtheit erfreut, im Heidekreis allerdings sehr sp\u00e4rlich vertreten ist, wollen wir das Turnier auch im Heidekreis etablieren. Wir w\u00fcrden uns \u00fcber rege Teilnahme freuen. Die Ausschreibung findet Ihr hier &gt; Ausschreibung.<br>Anmelden k\u00f6nnt Ihr Euch \u00fcber Click-TT oder myTischtennis.<\/p>\n","protected":false},"excerpt":{"rendered":"<p>30.\/31.08.2025 TT-College Wochenende in WalsrodeWeitere Informationen wurden per WhatsApp verteilt. Anmeldeschluss Samstag 14.06.2025. 23.05.2025 MannschaftsbesprechungStart um 20:00 Uhr in der Sporthalle der Grundschule am Markt 10.05.2025 Brettchenturnierin der Sporthalle der Grundschule am Markt. Start 13:00 Uhr, Einlass 12:30 Uhr. 06.03.2025 JahreshauptversammlungStart um 19:00 Uhr im Dorfkrug in Bockhorn. Weitere Informationen wurden per WhatsApp\/E-Mail und als Aushang der Halle verteilt. Ebenso<\/p>\n","protected":false},"author":1,"featured_media":0,"parent":0,"menu_order":0,"comment_status":"closed","ping_status":"closed","template":"","meta":{"ngg_post_thumbnail":0,"footnotes":""},"class_list":["post-495","page","type-page","status-publish","hentry"],"_links":{"self":[{"href":"https:\/\/www.ttcwalsrode.de\/index.php?rest_route=\/wp\/v2\/pages\/495","targetHints":{"allow":["GET"]}}],"collection":[{"href":"https:\/\/www.ttcwalsrode.de\/index.php?rest_route=\/wp\/v2\/pages"}],"about":[{"href":"https:\/\/www.ttcwalsrode.de\/index.php?rest_route=\/wp\/v2\/types\/page"}],"author":[{"embeddable":true,"href":"https:\/\/www.ttcwalsrode.de\/index.php?rest_route=\/wp\/v2\/users\/1"}],"replies":[{"embeddable":true,"href":"https:\/\/www.ttcwalsrode.de\/index.php?rest_route=%2Fwp%2Fv2%2Fcomments&post=495"}],"version-history":[{"count":38,"href":"https:\/\/www.ttcwalsrode.de\/index.php?rest_route=\/wp\/v2\/pages\/495\/revisions"}],"predecessor-version":[{"id":1208,"href":"https:\/\/www.ttcwalsrode.de\/index.php?rest_route=\/wp\/v2\/pages\/495\/revisions\/1208"}],"wp:attachment":[{"href":"https:\/\/www.ttcwalsrode.de\/index.php?rest_route=%2Fwp%2Fv2%2Fmedia&parent=495"}],"curies":[{"name":"wp","href":"https:\/\/api.w.org\/{rel}","templated":true}]}}