{"id":415,"date":"2018-06-27T10:33:45","date_gmt":"2018-06-27T10:33:45","guid":{"rendered":"http:\/\/www.ttcwalsrode.de\/?page_id=415"},"modified":"2020-11-06T13:06:22","modified_gmt":"2020-11-06T13:06:22","slug":"mitgliedschaft","status":"publish","type":"page","link":"https:\/\/www.ttcwalsrode.de\/?page_id=415","title":{"rendered":"Mitgliedschaft"},"content":{"rendered":"<p>Wir freuen uns, wenn wir Euer Interesse f\u00fcr den Tischtennissport geweckt haben und Ihr \u00fcber eine Mitgliedschaft nachdenkt.<\/p>\n<p>Die Mitgliedschaft beim TTC Blau-Rot Walsrode e.V. kostet <u>monatlich<\/u><\/p>\n<p>4,50 \u20ac f\u00fcr Sch\u00fcler und Jugendliche bis 18 Jahre<br>7,00 \u20ac f\u00fcr Erwachsene<\/p>\n<p>Der Beitrag ist halbj\u00e4hrlich f\u00e4llig, und zwar f\u00fcr das 1. Halbjahr am 15. M\u00e4rz und f\u00fcr das 2. Halbjahr am 15. September.<\/p>\n<p>Solltet Ihr unserem Verein beitreten wollen, sprecht uns beim <a href=\"http:\/\/www.ttcwalsrode.de\/?page_id=66\">Training<\/a> an. Eintrittserkl\u00e4rungen haben wir in der Halle. Oder Ihr druckt einfach das Formular aus und bringt es mit zum Training.<\/p>\n<p>Formular: <a href=\"https:\/\/www.ttcwalsrode.de\/wp-content\/uploads\/2020\/11\/Eintrittserklaerung-TTC_2020.pdf\">Eintrittserkl\u00e4rung<\/a><\/p>\n\n\n<p><\/p>\n","protected":false},"excerpt":{"rendered":"<p>Wir freuen uns, wenn wir Euer Interesse f\u00fcr den Tischtennissport geweckt haben und Ihr \u00fcber eine Mitgliedschaft nachdenkt. Die Mitgliedschaft beim TTC Blau-Rot Walsrode e.V. kostet monatlich 4,50 \u20ac f\u00fcr Sch\u00fcler und Jugendliche bis 18 Jahre7,00 \u20ac f\u00fcr Erwachsene Der Beitrag ist halbj\u00e4hrlich f\u00e4llig, und zwar f\u00fcr das 1. Halbjahr am 15. M\u00e4rz und f\u00fcr das 2. Halbjahr am 15.<\/p>\n","protected":false},"author":1,"featured_media":0,"parent":0,"menu_order":0,"comment_status":"closed","ping_status":"closed","template":"","meta":{"ngg_post_thumbnail":0,"footnotes":""},"class_list":["post-415","page","type-page","status-publish","hentry"],"_links":{"self":[{"href":"https:\/\/www.ttcwalsrode.de\/index.php?rest_route=\/wp\/v2\/pages\/415","targetHints":{"allow":["GET"]}}],"collection":[{"href":"https:\/\/www.ttcwalsrode.de\/index.php?rest_route=\/wp\/v2\/pages"}],"about":[{"href":"https:\/\/www.ttcwalsrode.de\/index.php?rest_route=\/wp\/v2\/types\/page"}],"author":[{"embeddable":true,"href":"https:\/\/www.ttcwalsrode.de\/index.php?rest_route=\/wp\/v2\/users\/1"}],"replies":[{"embeddable":true,"href":"https:\/\/www.ttcwalsrode.de\/index.php?rest_route=%2Fwp%2Fv2%2Fcomments&post=415"}],"version-history":[{"count":11,"href":"https:\/\/www.ttcwalsrode.de\/index.php?rest_route=\/wp\/v2\/pages\/415\/revisions"}],"predecessor-version":[{"id":746,"href":"https:\/\/www.ttcwalsrode.de\/index.php?rest_route=\/wp\/v2\/pages\/415\/revisions\/746"}],"wp:attachment":[{"href":"https:\/\/www.ttcwalsrode.de\/index.php?rest_route=%2Fwp%2Fv2%2Fmedia&parent=415"}],"curies":[{"name":"wp","href":"https:\/\/api.w.org\/{rel}","templated":true}]}}